{"id":427,"date":"2025-04-11T13:08:55","date_gmt":"2025-04-11T13:08:55","guid":{"rendered":"https:\/\/romariomendes.com.br\/hermom\/?page_id=427"},"modified":"2025-10-01T00:42:59","modified_gmt":"2025-10-01T00:42:59","slug":"servicos-sociais","status":"publish","type":"page","link":"https:\/\/romariomendes.com.br\/hermom\/servicos-sociais\/","title":{"rendered":"Servi\u00e7os Sociais"},"content":{"rendered":"\t\t<div data-elementor-type=\"wp-page\" data-elementor-id=\"427\" class=\"elementor elementor-427\" data-elementor-post-type=\"page\">\n\t\t\t\t\t\t<section class=\"elementor-section elementor-top-section elementor-element elementor-element-5d6bc328 elementor-section-content-middle elementor-section-boxed elementor-section-height-default elementor-section-height-default\" data-id=\"5d6bc328\" data-element_type=\"section\" data-e-type=\"section\">\n\t\t\t\t\t\t<div class=\"elementor-container elementor-column-gap-default\">\n\t\t\t\t\t<div class=\"elementor-column elementor-col-33 elementor-top-column elementor-element elementor-element-6b37354b\" data-id=\"6b37354b\" data-element_type=\"column\" data-e-type=\"column\">\n\t\t\t<div class=\"elementor-widget-wrap elementor-element-populated\">\n\t\t\t\t\t\t<div class=\"elementor-element elementor-element-6af37f7 elementor-widget elementor-widget-heading\" data-id=\"6af37f7\" data-element_type=\"widget\" data-e-type=\"widget\" data-widget_type=\"heading.default\">\n\t\t\t\t<div class=\"elementor-widget-container\">\n\t\t\t\t\t<h2 class=\"elementor-heading-title elementor-size-default\">Obras<\/h2>\t\t\t\t<\/div>\n\t\t\t\t<\/div>\n\t\t\t\t<div class=\"elementor-element elementor-element-7bc6fc87 elementor-widget-divider--view-line_icon elementor-widget-divider--element-align-right elementor-view-default elementor-widget elementor-widget-divider\" data-id=\"7bc6fc87\" data-element_type=\"widget\" data-e-type=\"widget\" data-widget_type=\"divider.default\">\n\t\t\t\t<div class=\"elementor-widget-container\">\n\t\t\t\t\t\t\t<div class=\"elementor-divider\">\n\t\t\t<span class=\"elementor-divider-separator\">\n\t\t\t\t\t\t\t<div class=\"elementor-icon elementor-divider__element\">\n\t\t\t\t\t<svg aria-hidden=\"true\" class=\"e-font-icon-svg e-fas-bible\" viewBox=\"0 0 448 512\" xmlns=\"http:\/\/www.w3.org\/2000\/svg\"><path d=\"M448 358.4V25.6c0-16-9.6-25.6-25.6-25.6H96C41.6 0 0 41.6 0 96v320c0 54.4 41.6 96 96 96h326.4c12.8 0 25.6-9.6 25.6-25.6v-16c0-6.4-3.2-12.8-9.6-19.2-3.2-16-3.2-60.8 0-73.6 6.4-3.2 9.6-9.6 9.6-19.2zM144 144c0-8.84 7.16-16 16-16h48V80c0-8.84 7.16-16 16-16h32c8.84 0 16 7.16 16 16v48h48c8.84 0 16 7.16 16 16v32c0 8.84-7.16 16-16 16h-48v112c0 8.84-7.16 16-16 16h-32c-8.84 0-16-7.16-16-16V192h-48c-8.84 0-16-7.16-16-16v-32zm236.8 304H96c-19.2 0-32-12.8-32-32s16-32 32-32h284.8v64z\"><\/path><\/svg><\/div>\n\t\t\t\t\t\t<\/span>\n\t\t<\/div>\n\t\t\t\t\t\t<\/div>\n\t\t\t\t<\/div>\n\t\t\t\t<div class=\"elementor-element elementor-element-ac1ab98 elementor-widget elementor-widget-text-editor\" data-id=\"ac1ab98\" data-element_type=\"widget\" data-e-type=\"widget\" data-widget_type=\"text-editor.default\">\n\t\t\t\t<div class=\"elementor-widget-container\">\n\t\t\t\t\t\t\t\t\t<p><strong><span class=\"_fadeIn_m1hgl_8\">Mais <\/span><span class=\"_fadeIn_m1hgl_8\">sobre <\/span><span class=\"_fadeIn_m1hgl_8\">os <\/span><span class=\"_fadeIn_m1hgl_8\">servi\u00e7os <\/span><span class=\"_fadeIn_m1hgl_8\">sociais <\/span><span class=\"_fadeIn_m1hgl_8\">da <\/span><span class=\"_fadeIn_m1hgl_8\">Igreja <\/span><span class=\"_fadeIn_m1hgl_8\">Batista H<\/span><span class=\"_fadeIn_m1hgl_8\">ermom, <\/span><span class=\"_fadeIn_m1hgl_8\">recomendo <\/span><span class=\"_fadeIn_m1hgl_8\">entrar <\/span><span class=\"_fadeIn_m1hgl_8\">em <\/span><span class=\"_fadeIn_m1hgl_8\">contato <\/span><span class=\"_fadeIn_m1hgl_8\">diretamente <\/span><span class=\"_fadeIn_m1hgl_8\">com <\/span><span class=\"_fadeIn_m1hgl_8\">a <\/span><span class=\"_fadeIn_m1hgl_8\">igreja<\/span><\/strong><\/p><p><span class=\"relative -mx-px my-[-0.2rem] rounded px-px py-[0.2rem] transition-colors duration-100 ease-in-out\"><span class=\"_fadeIn_m1hgl_8\">A <\/span><span class=\"_fadeIn_m1hgl_8\">Igreja <\/span><span class=\"_fadeIn_m1hgl_8\">Batista Regular Hermom<\/span><span class=\"_fadeIn_m1hgl_8\">\u00a0<\/span><span class=\"_fadeIn_m1hgl_8\">desempenham <\/span><span class=\"_fadeIn_m1hgl_8\">um <\/span><span class=\"_fadeIn_m1hgl_8\">papel <\/span><span class=\"_fadeIn_m1hgl_8\">fundamental <\/span><span class=\"_fadeIn_m1hgl_8\">na <\/span><span class=\"_fadeIn_m1hgl_8\">promo\u00e7\u00e3o <\/span><span class=\"_fadeIn_m1hgl_8\">do <\/span><span class=\"_fadeIn_m1hgl_8\">bem-<\/span><span class=\"_fadeIn_m1hgl_8\">estar <\/span><span class=\"_fadeIn_m1hgl_8\">social, <\/span><span class=\"_fadeIn_m1hgl_8\">oferecendo <\/span><span class=\"_fadeIn_m1hgl_8\">uma <\/span><span class=\"_fadeIn_m1hgl_8\">variedade <\/span><span class=\"_fadeIn_m1hgl_8\">de <\/span><span class=\"_fadeIn_m1hgl_8\">servi\u00e7os <\/span><span class=\"_fadeIn_m1hgl_8\">\u00e0 <\/span><span class=\"_fadeIn_m1hgl_8\">comunidade.<\/span><\/span> <span class=\"_fadeIn_m1hgl_8\">Aqui <\/span><span class=\"_fadeIn_m1hgl_8\">est\u00e3o <\/span><span class=\"_fadeIn_m1hgl_8\">alguns <\/span><span class=\"_fadeIn_m1hgl_8\">exemplos <\/span><span class=\"_fadeIn_m1hgl_8\">de <\/span><span class=\"_fadeIn_m1hgl_8\">iniciativas <\/span><span class=\"_fadeIn_m1hgl_8\">sociais <\/span><span class=\"_fadeIn_m1hgl_8\">realizadas <\/span><span class=\"_fadeIn_m1hgl_8\">pela <\/span><span class=\"_fadeIn_m1hgl_8\">igreja. <span class=\"relative -mx-px my-[-0.2rem] rounded px-px py-[0.2rem] transition-colors duration-100 ease-in-out\">Essas iniciativas refletem o compromisso das Igrejas Batistas em servir \u00e0 comunidade, promovendo a\u00e7\u00f5es que atendem \u00e0s necessidades f\u00edsicas, emocionais e espirituais das pessoas.<\/span> Se voc\u00ea est\u00e1 interessado em se envolver ou conhecer mais sobre essas a\u00e7\u00f5es, recomendo entrar em contato diretamente com a igreja local para obter informa\u00e7\u00f5es sobre como participar ou contribuir.<\/span><\/p><ul><li>Ajuda com cestas b\u00e1sicas\u00a0<\/li><li>Ajuda Mission\u00e1ria<\/li><li>Aula de reforco \u00e0s crian\u00e7as da comunidade<\/li><\/ul>\t\t\t\t\t\t\t\t<\/div>\n\t\t\t\t<\/div>\n\t\t\t\t\t<\/div>\n\t\t<\/div>\n\t\t\t\t<div class=\"elementor-column elementor-col-33 elementor-top-column elementor-element elementor-element-453ea932\" data-id=\"453ea932\" data-element_type=\"column\" data-e-type=\"column\">\n\t\t\t<div class=\"elementor-widget-wrap elementor-element-populated\">\n\t\t\t\t\t\t<div class=\"elementor-element elementor-element-ba5376b elementor-pagination-position-outside elementor--h-position-center elementor--v-position-middle elementor-arrows-position-inside elementor-widget elementor-widget-slides\" data-id=\"ba5376b\" data-element_type=\"widget\" data-e-type=\"widget\" data-settings=\"{&quot;navigation&quot;:&quot;both&quot;,&quot;autoplay&quot;:&quot;yes&quot;,&quot;pause_on_hover&quot;:&quot;yes&quot;,&quot;pause_on_interaction&quot;:&quot;yes&quot;,&quot;autoplay_speed&quot;:5000,&quot;infinite&quot;:&quot;yes&quot;,&quot;transition&quot;:&quot;slide&quot;,&quot;transition_speed&quot;:500}\" data-widget_type=\"slides.default\">\n\t\t\t\t<div class=\"elementor-widget-container\">\n\t\t\t\t\t\t\t\t\t<div class=\"elementor-swiper\">\n\t\t\t\t\t<div class=\"elementor-slides-wrapper elementor-main-swiper swiper\" role=\"region\" aria-roledescription=\"carousel\" aria-label=\"Slides\" dir=\"ltr\" data-animation=\"fadeInUp\">\n\t\t\t\t<div class=\"swiper-wrapper elementor-slides\">\n\t\t\t\t\t\t\t\t\t\t<div class=\"elementor-repeater-item-dd3a7f2 swiper-slide\" role=\"group\" aria-roledescription=\"slide\"><div class=\"swiper-slide-bg\" role=\"img\"><\/div><div class=\"swiper-slide-inner\" ><div class=\"swiper-slide-contents\"><\/div><\/div><\/div><div class=\"elementor-repeater-item-6b65c3c swiper-slide\" role=\"group\" aria-roledescription=\"slide\"><div class=\"swiper-slide-bg\" role=\"img\"><\/div><div class=\"swiper-slide-inner\" ><div class=\"swiper-slide-contents\"><\/div><\/div><\/div><div class=\"elementor-repeater-item-89d5cf2 swiper-slide\" role=\"group\" aria-roledescription=\"slide\"><div class=\"swiper-slide-bg\" role=\"img\"><\/div><div class=\"swiper-slide-inner\" ><div class=\"swiper-slide-contents\"><\/div><\/div><\/div>\t\t\t\t<\/div>\n\t\t\t\t\t\t\t\t\t\t\t\t\t\t\t<div class=\"elementor-swiper-button elementor-swiper-button-prev\" role=\"button\" tabindex=\"0\" aria-label=\"Previous slide\">\n\t\t\t\t\t\t\t<svg aria-hidden=\"true\" class=\"e-font-icon-svg e-eicon-chevron-left\" viewBox=\"0 0 1000 1000\" xmlns=\"http:\/\/www.w3.org\/2000\/svg\"><path d=\"M646 125C629 125 613 133 604 142L308 442C296 454 292 471 292 487 292 504 296 521 308 533L604 854C617 867 629 875 646 875 663 875 679 871 692 858 704 846 713 829 713 812 713 796 708 779 692 767L438 487 692 225C700 217 708 204 708 187 708 171 704 154 692 142 675 129 663 125 646 125Z\"><\/path><\/svg>\t\t\t\t\t\t<\/div>\n\t\t\t\t\t\t<div class=\"elementor-swiper-button elementor-swiper-button-next\" role=\"button\" tabindex=\"0\" aria-label=\"Next slide\">\n\t\t\t\t\t\t\t<svg aria-hidden=\"true\" class=\"e-font-icon-svg e-eicon-chevron-right\" viewBox=\"0 0 1000 1000\" xmlns=\"http:\/\/www.w3.org\/2000\/svg\"><path d=\"M696 533C708 521 713 504 713 487 713 471 708 454 696 446L400 146C388 133 375 125 354 125 338 125 325 129 313 142 300 154 292 171 292 187 292 204 296 221 308 233L563 492 304 771C292 783 288 800 288 817 288 833 296 850 308 863 321 871 338 875 354 875 371 875 388 867 400 854L696 533Z\"><\/path><\/svg>\t\t\t\t\t\t<\/div>\n\t\t\t\t\t\t\t\t\t\t\t\t\t\t\t\t<div class=\"swiper-pagination\"><\/div>\n\t\t\t\t\t\t\t\t\t\t\t\t<\/div>\n\t\t\t\t<\/div>\n\t\t\t\t\t\t\t\t<\/div>\n\t\t\t\t<\/div>\n\t\t\t\t\t<\/div>\n\t\t<\/div>\n\t\t\t\t<div class=\"elementor-column elementor-col-33 elementor-top-column elementor-element elementor-element-4c0c8b18\" data-id=\"4c0c8b18\" data-element_type=\"column\" data-e-type=\"column\">\n\t\t\t<div class=\"elementor-widget-wrap\">\n\t\t\t\t\t\t\t<\/div>\n\t\t<\/div>\n\t\t\t\t\t<\/div>\n\t\t<\/section>\n\t\t\t\t<section class=\"elementor-section elementor-top-section elementor-element elementor-element-452a9413 elementor-section-boxed elementor-section-height-default elementor-section-height-default\" data-id=\"452a9413\" data-element_type=\"section\" data-e-type=\"section\">\n\t\t\t\t\t\t<div class=\"elementor-container elementor-column-gap-default\">\n\t\t\t\t\t<div class=\"elementor-column elementor-col-100 elementor-top-column elementor-element elementor-element-24c72fa\" data-id=\"24c72fa\" data-element_type=\"column\" data-e-type=\"column\">\n\t\t\t<div class=\"elementor-widget-wrap\">\n\t\t\t\t\t\t\t<\/div>\n\t\t<\/div>\n\t\t\t\t\t<\/div>\n\t\t<\/section>\n\t\t\t\t<\/div>\n\t\t","protected":false},"excerpt":{"rendered":"<p>Obras Mais sobre os servi\u00e7os sociais da Igreja Batista Hermom, recomendo entrar em contato diretamente com a igreja A Igreja Batista Regular Hermom\u00a0desempenham um papel fundamental na promo\u00e7\u00e3o do bem-estar social, oferecendo uma variedade de servi\u00e7os \u00e0 comunidade. Aqui est\u00e3o alguns exemplos de iniciativas sociais realizadas pela igreja. Essas iniciativas refletem o compromisso das Igrejas [&hellip;]<\/p>\n","protected":false},"author":1,"featured_media":0,"parent":0,"menu_order":0,"comment_status":"closed","ping_status":"closed","template":"","meta":{"footnotes":""},"class_list":["post-427","page","type-page","status-publish","hentry"],"_links":{"self":[{"href":"https:\/\/romariomendes.com.br\/hermom\/wp-json\/wp\/v2\/pages\/427","targetHints":{"allow":["GET"]}}],"collection":[{"href":"https:\/\/romariomendes.com.br\/hermom\/wp-json\/wp\/v2\/pages"}],"about":[{"href":"https:\/\/romariomendes.com.br\/hermom\/wp-json\/wp\/v2\/types\/page"}],"author":[{"embeddable":true,"href":"https:\/\/romariomendes.com.br\/hermom\/wp-json\/wp\/v2\/users\/1"}],"replies":[{"embeddable":true,"href":"https:\/\/romariomendes.com.br\/hermom\/wp-json\/wp\/v2\/comments?post=427"}],"version-history":[{"count":79,"href":"https:\/\/romariomendes.com.br\/hermom\/wp-json\/wp\/v2\/pages\/427\/revisions"}],"predecessor-version":[{"id":1622,"href":"https:\/\/romariomendes.com.br\/hermom\/wp-json\/wp\/v2\/pages\/427\/revisions\/1622"}],"wp:attachment":[{"href":"https:\/\/romariomendes.com.br\/hermom\/wp-json\/wp\/v2\/media?parent=427"}],"curies":[{"name":"wp","href":"https:\/\/api.w.org\/{rel}","templated":true}]}}